{"id":5,"date":"2025-12-16T20:42:26","date_gmt":"2025-12-16T19:42:26","guid":{"rendered":"https:\/\/cuentaverificada.com\/paraguay\/?page_id=5"},"modified":"2025-12-23T14:51:33","modified_gmt":"2025-12-23T13:51:33","slug":"cuenta-verificada-paraguay","status":"publish","type":"page","link":"https:\/\/cuentaverificada.com\/paraguay\/","title":{"rendered":"Cuenta Verificada Paraguay"},"content":{"rendered":"\n    \n    <section class=\"u-clearfix u-custom-color-1 u-uploaded-video u-video u-section-2\" id=\"portada\">\n      <div class=\"u-background-video u-expanded\" style=\"\">\n        <div class=\"embed-responsive\">\n          <video class=\"embed-responsive-item\" data-autoplay=\"1\" loop=\"\" muted=\"1\" autoplay=\"autoplay\" playsinline=\"\">\n            <source src=\"https:\/\/cuentaverificada.com\/paraguay\/wp-content\/uploads\/sites\/2\/2025\/12\/Portadawebcuentaverificada.com1_.mp4\" type=\"video\/mp4\">\n            <p>Your browser does not support HTML5 video.<\/p>\n          <\/video>\n        <\/div>\n        <div class=\"u-video-shading\"><\/div>\n      <\/div>\n      <div class=\"u-clearfix u-sheet u-sheet-1\">\n        <h1 class=\"u-align-center u-custom-font u-text u-text-1\"><span class=\"u-text-white\">cuenta verificada<\/span> &nbsp;<span class=\"u-file-icon u-icon u-icon-1\"><img decoding=\"async\" src=\"https:\/\/cuentaverificada.com\/paraguay\/wp-content\/uploads\/sites\/2\/2025\/12\/330644.png\" alt=\"\"><\/span>&nbsp;paraguay\n        <\/h1>\n        <h1 class=\"u-align-center u-custom-font u-text u-text-palette-3-base u-text-2\"> Tu escudo contra las estafas&nbsp;<\/h1>\n        <p class=\"u-align-center u-hidden-sm u-hidden-xs u-text u-text-3\"> Verificaci\u00f3n real de personas y comercios + software de control total. <\/p>\n        <a href=\"https:\/\/paraguay.cuentaverificada.com\/solicitar-cuenta-verificada\" class=\"u-align-center u-border-none u-btn u-btn-round u-button-style u-custom-font u-heading-font u-hover-color-var u-palette-2-base u-radius u-text-hover-grey-90 u-text-white u-btn-1\" target=\"_blank\"> Crea tu cuenta gratis<\/a>\n        <a href=\"https:\/\/paraguay.cuentaverificada.com\/login\" class=\"u-align-center u-border-none u-btn u-btn-round u-button-style u-color-var u-custom-font u-heading-font u-hover-palette-2-base u-radius u-text-black u-text-hover-white u-btn-2\" target=\"_blank\">Iniciar sesi\u00f3n<\/a>\n      <\/div>\n    <\/section>\n    <section class=\"u-clearfix u-image u-section-3\" id=\"beneficios\" style=\"background-image: url(&quot;https:\/\/cuentaverificada.com\/paraguay\/wp-content\/uploads\/sites\/2\/2025\/12\/BANNER-CUENTAVERIFICADA03-scaled-1.jpg&quot;);\">\n      <div class=\"u-clearfix u-sheet u-valign-middle-lg u-valign-middle-sm u-sheet-1\">\n        <h1 class=\"u-align-center u-text u-text-white u-text-1\"> BENEFICIOS <span class=\"u-text-palette-3-base\" style=\"text-decoration: underline !important;\">REALES<\/span> PARA PERSONAS Y COMERCIOS\n        <\/h1>\n        <div class=\"u-expanded-width u-list u-list-1\">\n          <div class=\"u-repeater u-repeater-1\">\n            <div class=\"u-border-2 u-border-palette-4-base u-container-style u-list-item u-opacity u-opacity-60 u-palette-1-base u-radius u-repeater-item u-list-item-1\">\n              <div class=\"u-container-layout u-similar-container u-valign-bottom-lg u-valign-bottom-sm u-container-layout-1\">\n                <h1 class=\"u-align-center u-text u-text-white u-text-2\"> Protecci\u00f3n real para personas <\/h1>\n                <img decoding=\"async\" class=\"u-expanded-width u-image u-image-1\" src=\"https:\/\/cuentaverificada.com\/paraguay\/wp-content\/uploads\/sites\/2\/2025\/12\/ce72dc3d-592a-494b-800c-ec57b0d423fe.png\" data-image-width=\"1536\" data-image-height=\"1024\">\n                <p class=\"u-align-left u-text u-text-white u-text-3\"> En Internet cualquiera puede desaparecer.<br><span style=\"font-weight: 700;\" class=\"u-text-palette-4-base\"> En Cuenta Verificada,<\/span> tu identidad queda registrada, protegida y respaldada.\n                <\/p>\n                <p class=\"u-align-left u-text u-text-white u-text-4\"><span style=\"font-weight: 700;\">Como Usuario Protegido obtienes:<\/span>&nbsp;<br>&#x1f449; <span style=\"font-size: 1rem;\">Identidad v\u00e1lida y trazable&nbsp;<br>&#x1f449; Respaldo legal ante co\u200b\u200b\u200bnflictos<br>&#x1f449; Atenci\u00f3n humana real (no bots)&nbsp;<br>&#x1f449;\nProtecci\u00f3n contra estafas digitales&nbsp;<br>&#x1f449;\nHerramientas gratuitas<\/span>\n                <\/p>\n                <a href=\"https:\/\/wa.link\/wij6yw\" class=\"u-align-center u-border-none u-btn u-btn-round u-button-style u-custom-font u-heading-font u-hover-color-var u-palette-2-base u-radius u-text-hover-grey-90 u-text-white u-btn-1\" target=\"_blank\">Verifica tu Usuario&nbsp;<\/a>\n                <p class=\"u-align-left u-text u-text-palette-3-base u-text-5\"><span style=\"font-weight: 700; font-size: 1.5rem;\">Ahorras USD 24 al a\u00f1o.<\/span>\n                  <br><span class=\"u-text-white\"><span style=\"--text-color-var: #d6222a; font-weight: 700;\" class=\"u-text-palette-3-base\">Promoci\u00f3n:<\/span> Si lo haces hoy, es gratis de por vida.<\/span>\n                <\/p>\n              <\/div>\n            <\/div>\n            <div class=\"u-border-2 u-border-palette-4-base u-container-style u-list-item u-opacity u-opacity-60 u-palette-1-base u-radius u-repeater-item u-list-item-2\">\n              <div class=\"u-container-layout u-similar-container u-valign-bottom-lg u-valign-bottom-sm u-container-layout-2\">\n                <h1 class=\"u-align-center u-text u-text-white u-text-6\"> Protecci\u00f3n real para comercios<\/h1>\n                <img decoding=\"async\" class=\"u-expanded-width u-image u-image-2\" src=\"https:\/\/cuentaverificada.com\/paraguay\/wp-content\/uploads\/sites\/2\/2025\/12\/23cc6a23-5204-451c-817a-68659ddc1eb6.jpg\" data-image-width=\"1600\" data-image-height=\"1600\">\n                <p class=\"u-align-left u-text u-text-white u-text-7\"> En internet cualquiera puede vender\u2026 y desaparecer.<br><span style=\"font-weight: 700;\" class=\"u-text-palette-4-base\"> En Cuenta Verificada,<\/span> tu comercio no es un perfil, es una empresa real,<br> identificada, respaldada y protegida dentro de un ecosistema cerrado.\n                <\/p>\n                <p class=\"u-align-left u-text u-text-white u-text-8\"><span style=\"font-weight: 700;\"> Como Comercio Verificado obtienes:&nbsp;<\/span>\n                  <br>&#x1f449; <b><span style=\"font-weight: 400;\">Sello oficial de Comercio Verificado (digital y f\u00edsico)<\/span><\/b>\n                  <br>&#x1f449;&nbsp;<b><span style=\"font-weight: 400;\">Certificado con su N\u00famero \u00danico de Verificaci\u00f3n (NUV)<\/span><\/b>\n                  <br>&#x1f449; \u200bM\u00e1s confianza = m\u00e1s ventas<br>&#x1f449; Respaldo legal ante conflictos<br>&#x1f449; \u200bPresencia en el&nbsp;<b><span style=\"font-weight: 400;\">Marketplace Verificado de Cuenta Verificada<\/span><\/b>\n                  <br>\n                <\/p>\n                <a href=\"https:\/\/wa.link\/bz7rz2\" class=\"u-align-center u-border-none u-btn u-btn-round u-button-style u-custom-font u-heading-font u-hover-color-var u-palette-2-base u-radius u-text-hover-grey-90 u-text-white u-btn-2\" target=\"_blank\">Verifica tu Comercio<\/a>\n                <p class=\"u-align-left u-text u-text-palette-3-base u-text-9\">Verifica tu Comercio y deja que nuestros expertos te gu\u00eden.<br><span style=\"font-weight: 700;\">Promoci\u00f3n:&nbsp;<\/span><span class=\"u-text-white\">70% de descuento, por tiempo limitado.<\/span>\n                <\/p>\n              <\/div>\n            <\/div>\n          <\/div>\n        <\/div>\n      <\/div>\n    <\/section>\n    \n    \n    \n  \n","protected":false},"excerpt":{"rendered":"<p>Your browser does not support HTML5 video. cuenta verificada &nbsp;&nbsp;paraguay Tu escudo contra las estafas&nbsp; Verificaci\u00f3n real de personas y comercios + software de control total. Crea tu cuenta gratis Iniciar sesi\u00f3n BENEFICIOS REALES PARA PERSONAS Y COMERCIOS Protecci\u00f3n real para personas En Internet cualquiera puede desaparecer. En Cuenta Verificada, tu identidad queda registrada, protegida &hellip; <a href=\"https:\/\/cuentaverificada.com\/paraguay\/\" class=\"more-link\">Continue reading<span class=\"screen-reader-text\"> \u00abCuenta Verificada Paraguay\u00bb<\/span><\/a><\/p>\n","protected":false},"author":1,"featured_media":0,"parent":0,"menu_order":0,"comment_status":"closed","ping_status":"closed","template":"","meta":{"footnotes":""},"class_list":["post-5","page","type-page","status-publish","hentry"],"_links":{"self":[{"href":"https:\/\/cuentaverificada.com\/paraguay\/wp-json\/wp\/v2\/pages\/5","targetHints":{"allow":["GET"]}}],"collection":[{"href":"https:\/\/cuentaverificada.com\/paraguay\/wp-json\/wp\/v2\/pages"}],"about":[{"href":"https:\/\/cuentaverificada.com\/paraguay\/wp-json\/wp\/v2\/types\/page"}],"author":[{"embeddable":true,"href":"https:\/\/cuentaverificada.com\/paraguay\/wp-json\/wp\/v2\/users\/1"}],"replies":[{"embeddable":true,"href":"https:\/\/cuentaverificada.com\/paraguay\/wp-json\/wp\/v2\/comments?post=5"}],"version-history":[{"count":0,"href":"https:\/\/cuentaverificada.com\/paraguay\/wp-json\/wp\/v2\/pages\/5\/revisions"}],"wp:attachment":[{"href":"https:\/\/cuentaverificada.com\/paraguay\/wp-json\/wp\/v2\/media?parent=5"}],"curies":[{"name":"wp","href":"https:\/\/api.w.org\/{rel}","templated":true}]}}